{"id":210,"date":"2016-11-03T23:21:26","date_gmt":"2016-11-03T22:21:26","guid":{"rendered":"http:\/\/vorschau.inclover.de\/agency\/?page_id=210"},"modified":"2018-05-19T17:02:04","modified_gmt":"2018-05-19T15:02:04","slug":"hunkemoeller-fashionshow","status":"publish","type":"page","link":"https:\/\/www.inclover.de\/agency\/referenzen\/hunkemoeller-fashionshow\/","title":{"rendered":"Hunkem\u00f6ller Fashionshow"},"content":{"rendered":"<p>Inclover Agency stellte das Hair &amp; Make-up Team f\u00fcr die weltweite Pr\u00e4sentation des neuen Hunkem\u00f6ller-Testimonials Doutzen Kroes und der Vorstellung der neuen Kollektion &#8222;Doutzen Stories&#8220; im Hotel de Rome Berlin.<\/p>\n","protected":false},"excerpt":{"rendered":"<p>Inclover Agency stellte das Hair &amp; Make-up Team f\u00fcr die Hunkem\u00f6ller Fashionshow: Vorstellung des neuen Testimonials Doutzen Kroes<\/p>\n","protected":false},"author":4,"featured_media":349,"parent":88,"menu_order":9,"comment_status":"closed","ping_status":"closed","template":"page-templates\/agency-reference.php","meta":{"_monsterinsights_skip_tracking":false,"_monsterinsights_sitenote_active":false,"_monsterinsights_sitenote_note":"","_monsterinsights_sitenote_category":0,"footnotes":""},"class_list":["post-210","page","type-page","status-publish","has-post-thumbnail","hentry"],"_links":{"self":[{"href":"https:\/\/www.inclover.de\/agency\/wp-json\/wp\/v2\/pages\/210","targetHints":{"allow":["GET"]}}],"collection":[{"href":"https:\/\/www.inclover.de\/agency\/wp-json\/wp\/v2\/pages"}],"about":[{"href":"https:\/\/www.inclover.de\/agency\/wp-json\/wp\/v2\/types\/page"}],"author":[{"embeddable":true,"href":"https:\/\/www.inclover.de\/agency\/wp-json\/wp\/v2\/users\/4"}],"replies":[{"embeddable":true,"href":"https:\/\/www.inclover.de\/agency\/wp-json\/wp\/v2\/comments?post=210"}],"version-history":[{"count":5,"href":"https:\/\/www.inclover.de\/agency\/wp-json\/wp\/v2\/pages\/210\/revisions"}],"predecessor-version":[{"id":433,"href":"https:\/\/www.inclover.de\/agency\/wp-json\/wp\/v2\/pages\/210\/revisions\/433"}],"up":[{"embeddable":true,"href":"https:\/\/www.inclover.de\/agency\/wp-json\/wp\/v2\/pages\/88"}],"wp:featuredmedia":[{"embeddable":true,"href":"https:\/\/www.inclover.de\/agency\/wp-json\/wp\/v2\/media\/349"}],"wp:attachment":[{"href":"https:\/\/www.inclover.de\/agency\/wp-json\/wp\/v2\/media?parent=210"}],"curies":[{"name":"wp","href":"https:\/\/api.w.org\/{rel}","templated":true}]}}