{"id":65,"date":"2016-10-31T16:58:20","date_gmt":"2016-10-31T15:58:20","guid":{"rendered":"http:\/\/vorschau.inclover.de\/agency\/?page_id=65"},"modified":"2018-05-19T17:02:04","modified_gmt":"2018-05-19T15:02:04","slug":"fashionshows","status":"publish","type":"page","link":"https:\/\/www.inclover.de\/agency\/leistungen\/fashionshows\/","title":{"rendered":"Fashionshows"},"content":{"rendered":"<p>F\u00fcr nationale und internationale Fashionshows stellen wir auf Wunsch ein gesamtes Hair &amp; Make-up Team, einzelne K\u00fcnstler oder Stylisten. Wir unterst\u00fctzen Sie von der individuellen Lookentwicklung bis hin zu Backstage-Shootings.<\/p>\n","protected":false},"excerpt":{"rendered":"<p>F\u00fcr nationale und internationale Fashionshows stellen wir auf Wunsch ein gesamtes Hair &amp; Make-up Team, einzelne K\u00fcnstler oder Stylisten. Wir unterst\u00fctzen Sie von der individuellen Lookentwicklung bis hin zu Backstage-Shootings.<\/p>\n","protected":false},"author":4,"featured_media":436,"parent":8,"menu_order":3,"comment_status":"closed","ping_status":"closed","template":"page-templates\/agency-leistung.php","meta":{"_monsterinsights_skip_tracking":false,"_monsterinsights_sitenote_active":false,"_monsterinsights_sitenote_note":"","_monsterinsights_sitenote_category":0,"footnotes":""},"class_list":["post-65","page","type-page","status-publish","has-post-thumbnail","hentry"],"_links":{"self":[{"href":"https:\/\/www.inclover.de\/agency\/wp-json\/wp\/v2\/pages\/65","targetHints":{"allow":["GET"]}}],"collection":[{"href":"https:\/\/www.inclover.de\/agency\/wp-json\/wp\/v2\/pages"}],"about":[{"href":"https:\/\/www.inclover.de\/agency\/wp-json\/wp\/v2\/types\/page"}],"author":[{"embeddable":true,"href":"https:\/\/www.inclover.de\/agency\/wp-json\/wp\/v2\/users\/4"}],"replies":[{"embeddable":true,"href":"https:\/\/www.inclover.de\/agency\/wp-json\/wp\/v2\/comments?post=65"}],"version-history":[{"count":5,"href":"https:\/\/www.inclover.de\/agency\/wp-json\/wp\/v2\/pages\/65\/revisions"}],"predecessor-version":[{"id":326,"href":"https:\/\/www.inclover.de\/agency\/wp-json\/wp\/v2\/pages\/65\/revisions\/326"}],"up":[{"embeddable":true,"href":"https:\/\/www.inclover.de\/agency\/wp-json\/wp\/v2\/pages\/8"}],"wp:featuredmedia":[{"embeddable":true,"href":"https:\/\/www.inclover.de\/agency\/wp-json\/wp\/v2\/media\/436"}],"wp:attachment":[{"href":"https:\/\/www.inclover.de\/agency\/wp-json\/wp\/v2\/media?parent=65"}],"curies":[{"name":"wp","href":"https:\/\/api.w.org\/{rel}","templated":true}]}}