{"id":78,"date":"2016-10-31T17:35:18","date_gmt":"2016-10-31T16:35:18","guid":{"rendered":"http:\/\/vorschau.inclover.de\/agency\/?page_id=78"},"modified":"2018-05-19T17:02:04","modified_gmt":"2018-05-19T15:02:04","slug":"shootings","status":"publish","type":"page","link":"https:\/\/www.inclover.de\/agency\/leistungen\/shootings\/","title":{"rendered":"Shootings"},"content":{"rendered":"<p>Sie m\u00f6chten ein Shooting-Projekt umsetzen und ben\u00f6tigen ein erfahrenes Team oder einzelne Departments? Wir vertreten international arbeitende Fotografen, Hair &amp; Make-up Artists und Stylisten, welche f\u00fcr Ihr Projekt zur Verf\u00fcgung stehen.<\/p>\n<p>Ob Sie nun Hair &amp; Make-up Artists f\u00fcr ein anstehendes Magazin-Shooting, einen Stylisten f\u00fcr ein Werbeshooting oder auch einen Fotografen f\u00fcr ein Fashionshooting suchen. Wir w\u00e4hlen f\u00fcr Sie aus unserem gro\u00dfen Portfolio an Fachkr\u00e4ften einen optimalen Partner f\u00fcr Ihr Projekt aus.<\/p>\n","protected":false},"excerpt":{"rendered":"<p>Ob f\u00fcr Werbe-, Fashion-, Beauty- oder Backstageshootings, wir vermitteln als Agentur national und international arbeitenden Stylisten, Make-up Artists, Hairstylisten und Fotografen.<\/p>\n","protected":false},"author":4,"featured_media":108,"parent":8,"menu_order":1,"comment_status":"closed","ping_status":"closed","template":"page-templates\/agency-leistung.php","meta":{"_monsterinsights_skip_tracking":false,"_monsterinsights_sitenote_active":false,"_monsterinsights_sitenote_note":"","_monsterinsights_sitenote_category":0,"footnotes":""},"class_list":["post-78","page","type-page","status-publish","has-post-thumbnail","hentry"],"_links":{"self":[{"href":"https:\/\/www.inclover.de\/agency\/wp-json\/wp\/v2\/pages\/78","targetHints":{"allow":["GET"]}}],"collection":[{"href":"https:\/\/www.inclover.de\/agency\/wp-json\/wp\/v2\/pages"}],"about":[{"href":"https:\/\/www.inclover.de\/agency\/wp-json\/wp\/v2\/types\/page"}],"author":[{"embeddable":true,"href":"https:\/\/www.inclover.de\/agency\/wp-json\/wp\/v2\/users\/4"}],"replies":[{"embeddable":true,"href":"https:\/\/www.inclover.de\/agency\/wp-json\/wp\/v2\/comments?post=78"}],"version-history":[{"count":13,"href":"https:\/\/www.inclover.de\/agency\/wp-json\/wp\/v2\/pages\/78\/revisions"}],"predecessor-version":[{"id":440,"href":"https:\/\/www.inclover.de\/agency\/wp-json\/wp\/v2\/pages\/78\/revisions\/440"}],"up":[{"embeddable":true,"href":"https:\/\/www.inclover.de\/agency\/wp-json\/wp\/v2\/pages\/8"}],"wp:featuredmedia":[{"embeddable":true,"href":"https:\/\/www.inclover.de\/agency\/wp-json\/wp\/v2\/media\/108"}],"wp:attachment":[{"href":"https:\/\/www.inclover.de\/agency\/wp-json\/wp\/v2\/media?parent=78"}],"curies":[{"name":"wp","href":"https:\/\/api.w.org\/{rel}","templated":true}]}}